{"id":685,"date":"2024-11-19T16:54:03","date_gmt":"2024-11-19T15:54:03","guid":{"rendered":"https:\/\/educationforms.esa.int\/engagement\/?page_id=685"},"modified":"2025-07-17T16:11:03","modified_gmt":"2025-07-17T14:11:03","slug":"list-of-sponsored-academic-programmes","status":"publish","type":"page","link":"https:\/\/educationforms.esa.int\/engagement\/0_tables-for-education-page\/list-of-sponsored-academic-programmes\/","title":{"rendered":"List of sponsored academic programmes"},"content":{"rendered":"\n<figure class=\"wp-block-table is-style-stripes\" style=\"font-size:15px;font-style:normal;font-weight:400;letter-spacing:-0.5px\"><table class=\"has-text-color has-background has-link-color\" style=\"color:#003247;background-color:#f6f6f5\"><tbody><tr><td><strong>Period<\/strong><\/td><td><strong>Academic programme<\/strong><\/td><td class=\"has-text-align-center\" data-align=\"center\"><strong>Scholarship deadline<\/strong><\/td><\/tr><tr><td>2024-2025 <\/td><td>University College Cork &#8211; MSc Geoinformatics<\/td><td class=\"has-text-align-center\" data-align=\"center\">Closed<\/td><\/tr><tr><td>2024-2025<\/td><td>KU Leuven, Universiteit Gent &#8211; Advanced Master of Space Studies<\/td><td class=\"has-text-align-center\" data-align=\"center\"><br>Closed<\/td><\/tr><tr><td>2024-2025<\/td><td>CentraleSup\u00e9lec &#8211; MSc&amp;T in Space Business Strategy<\/td><td class=\"has-text-align-center\" data-align=\"center\"><br>Closed<\/td><\/tr><tr><td>2024-2025<\/td><td>Universitat Polit\u00e8cnica de Catalunya, BarcelonaTech &#8211; Master in Aerospace Science and Technology <\/td><td class=\"has-text-align-center\" data-align=\"center\">Closed<\/td><\/tr><tr><td>2024-2025<\/td><td>Universitat Polit\u00e8cnica de Catalunya, ESEIAAT &#8211; Master&#8217;s Degree in Space and Aeronautical Engineering<\/td><td class=\"has-text-align-center\" data-align=\"center\">Closed<\/td><\/tr><tr><td>2024-2025<\/td><td>University College London &#8211; Space Science and Engineering<\/td><td class=\"has-text-align-center\" data-align=\"center\">Closed<\/td><\/tr><tr><td>2024-2026<\/td><td>Nantes Universit\u00e9, Universidade de Coimbra, Universit\u00e0 d&#8217;Annunzio di Chieti-Pescara &#8211; EMJM  GeoPlaNet<\/td><td class=\"has-text-align-center\" data-align=\"center\"><br>Closed<\/td><\/tr><tr><td>2024-2026<\/td><td>ESTACA &#8211; MEng in Space Systems<\/td><td class=\"has-text-align-center\" data-align=\"center\"><br>Closed<\/td><\/tr><tr><td>2025-2026<\/td><td>Leiden University, Leiden Law School &#8211; Advanced Studies in Air and Space Law <\/td><td class=\"has-text-align-center\" data-align=\"center\">Closed<\/td><\/tr><tr><td>2025-2026<\/td><td>University of Birmingham &#8211; MSc Space Engineering<\/td><td class=\"has-text-align-center\" data-align=\"center\">Closed<\/td><\/tr><tr><td>2025-2026<\/td><td>IHE Delft Institute for Water Education &#8211; MSc Programme in Water and Sustainable Development<\/td><td class=\"has-text-align-center\" data-align=\"center\">Closed<\/td><\/tr><tr><td>2025-2027<\/td><td>TU Berlin &#8211; Master of Space Engineering<\/td><td class=\"has-text-align-center\" data-align=\"center\">Closed<\/td><\/tr><tr><td>2025-2027<\/td><td>ISAE-SUPAERO &#8211; Master of Science in Aerospace Engineering<\/td><td class=\"has-text-align-center\" data-align=\"center\">Closed<\/td><\/tr><\/tbody><\/table><\/figure>\n\n\n\n<p><\/p>\n","protected":false},"excerpt":{"rendered":"<p>Period Academic programme Scholarship deadline 2024-2025 University College Cork &#8211; MSc Geoinformatics Closed 2024-2025 KU Leuven, Universiteit Gent &#8211; Advanced Master of Space Studies Closed 2024-2025 CentraleSup\u00e9lec &#8211; MSc&amp;T in Space Business Strategy Closed 2024-2025 Universitat Polit\u00e8cnica de Catalunya, BarcelonaTech &#8211; Master in Aerospace Science and Technology Closed 2024-2025 Universitat Polit\u00e8cnica de Catalunya, ESEIAAT &#8211; [&hellip;]<\/p>\n","protected":false},"author":164,"featured_media":0,"parent":661,"menu_order":0,"comment_status":"closed","ping_status":"closed","template":"elementor_canvas","meta":{"footnotes":""},"class_list":["post-685","page","type-page","status-publish","hentry"],"_links":{"self":[{"href":"https:\/\/educationforms.esa.int\/engagement\/wp-json\/wp\/v2\/pages\/685","targetHints":{"allow":["GET"]}}],"collection":[{"href":"https:\/\/educationforms.esa.int\/engagement\/wp-json\/wp\/v2\/pages"}],"about":[{"href":"https:\/\/educationforms.esa.int\/engagement\/wp-json\/wp\/v2\/types\/page"}],"author":[{"embeddable":true,"href":"https:\/\/educationforms.esa.int\/engagement\/wp-json\/wp\/v2\/users\/164"}],"replies":[{"embeddable":true,"href":"https:\/\/educationforms.esa.int\/engagement\/wp-json\/wp\/v2\/comments?post=685"}],"version-history":[{"count":12,"href":"https:\/\/educationforms.esa.int\/engagement\/wp-json\/wp\/v2\/pages\/685\/revisions"}],"predecessor-version":[{"id":1689,"href":"https:\/\/educationforms.esa.int\/engagement\/wp-json\/wp\/v2\/pages\/685\/revisions\/1689"}],"up":[{"embeddable":true,"href":"https:\/\/educationforms.esa.int\/engagement\/wp-json\/wp\/v2\/pages\/661"}],"wp:attachment":[{"href":"https:\/\/educationforms.esa.int\/engagement\/wp-json\/wp\/v2\/media?parent=685"}],"curies":[{"name":"wp","href":"https:\/\/api.w.org\/{rel}","templated":true}]}}